{"id":29,"date":"2025-12-02T20:51:27","date_gmt":"2025-12-02T20:51:27","guid":{"rendered":"https:\/\/poligonostudio.com\/about\/"},"modified":"2025-12-19T13:40:07","modified_gmt":"2025-12-19T18:40:07","slug":"el-estudio","status":"publish","type":"page","link":"https:\/\/poligonostudio.com\/en\/el-estudio\/","title":{"rendered":"The Studio"},"content":{"rendered":"<div data-elementor-type=\"wp-page\" data-elementor-id=\"29\" class=\"elementor elementor-29\">\n\t\t\t\t<div class=\"elementor-element elementor-element-af9412d e-con-full e-flex e-con e-parent\" data-id=\"af9412d\" data-element_type=\"container\" data-settings=\"{&quot;background_background&quot;:&quot;classic&quot;}\">\n\t\t<div class=\"elementor-element elementor-element-6d39f74 e-con-full e-flex e-con e-child\" data-id=\"6d39f74\" data-element_type=\"container\">\n\t\t\t\t<div class=\"elementor-element elementor-element-da65723 elementor-widget elementor-widget-icon-box\" data-id=\"da65723\" data-element_type=\"widget\" data-widget_type=\"icon-box.default\">\n\t\t\t\t\t\t\t<div class=\"elementor-icon-box-wrapper\">\n\n\t\t\t\n\t\t\t\t\t\t<div class=\"elementor-icon-box-content\">\n\n\t\t\t\t\t\t\t\t\t<h1 class=\"elementor-icon-box-title\">\n\t\t\t\t\t\t<span  >\n\t\t\t\t\t\t\tENGINEERING WITH PURPOSE\t\t\t\t\t\t<\/span>\n\t\t\t\t\t<\/h1>\n\t\t\t\t\n\t\t\t\t\t\t\t\t\t<p class=\"elementor-icon-box-description\">\n\t\t\t\t\t\t<span>We explore, create, and shape sound to enhance your story.<\/span>\t\t\t\t\t<\/p>\n\t\t\t\t\n\t\t\t<\/div>\n\t\t\t\n\t\t<\/div>\n\t\t\t\t\t\t<\/div>\n\t\t\t\t<\/div>\n\t\t\t\t<\/div>\n\t\t<div class=\"elementor-element elementor-element-6b1874c e-flex e-con-boxed e-con e-parent\" data-id=\"6b1874c\" data-element_type=\"container\" data-settings=\"{&quot;background_background&quot;:&quot;classic&quot;}\">\n\t\t\t\t\t<div class=\"e-con-inner\">\n\t\t<div class=\"elementor-element elementor-element-7d14d1a e-con-full e-flex e-con e-child\" data-id=\"7d14d1a\" data-element_type=\"container\">\n\t\t\t\t<div class=\"elementor-element elementor-element-8b0ee63 elementor-widget elementor-widget-icon-box\" data-id=\"8b0ee63\" data-element_type=\"widget\" data-widget_type=\"icon-box.default\">\n\t\t\t\t\t\t\t<div class=\"elementor-icon-box-wrapper\">\n\n\t\t\t\n\t\t\t\t\t\t<div class=\"elementor-icon-box-content\">\n\n\t\t\t\t\t\t\t\t\t<h4 class=\"elementor-icon-box-title\">\n\t\t\t\t\t\t<span  >\n\t\t\t\t\t\t\tdna pol\u00edgono\t\t\t\t\t\t<\/span>\n\t\t\t\t\t<\/h4>\n\t\t\t\t\n\t\t\t\t\t\t\t\t\t<p class=\"elementor-icon-box-description\">\n\t\t\t\t\t\tAt Pol\u00edgono Studio, we understand sound as a tool for narrative immersion. We don't just work with audio; we design experiences. We combine the warmth of analog tools with the precision of the digital world and new technologies powered by Artificial Intelligence to offer modern workflows adapted to film, advertising, and new media.\t\t\t\t\t<\/p>\n\t\t\t\t\n\t\t\t<\/div>\n\t\t\t\n\t\t<\/div>\n\t\t\t\t\t\t<\/div>\n\t\t\t\t<div class=\"elementor-element elementor-element-eecb001 elementor-widget elementor-widget-text-editor\" data-id=\"eecb001\" data-element_type=\"widget\" data-widget_type=\"text-editor.default\">\n\t\t\t\t\t\t\t\t\t<p>We are a sound arts studio located in Quito, Ecuador, with a team of experts with several years of experience in professional sound for national and international productions.\u00a0<\/p>\t\t\t\t\t\t\t\t<\/div>\n\t\t\t\t<\/div>\n\t\t<div class=\"elementor-element elementor-element-439e0a0 e-con-full e-flex e-con e-child\" data-id=\"439e0a0\" data-element_type=\"container\">\n\t\t\t\t<div class=\"elementor-element elementor-element-e8e1b18 elementor-widget elementor-widget-image\" data-id=\"e8e1b18\" data-element_type=\"widget\" data-widget_type=\"image.default\">\n\t\t\t\t\t\t\t\t\t\t\t\t\t\t\t<img fetchpriority=\"high\" decoding=\"async\" width=\"1024\" height=\"676\" src=\"https:\/\/poligonostudio.com\/wp-content\/uploads\/2025\/12\/IMG_2122-1024x676.webp\" class=\"attachment-large size-large wp-image-1387\" alt=\"\" srcset=\"https:\/\/poligonostudio.com\/wp-content\/uploads\/2025\/12\/IMG_2122-1024x676.webp 1024w, https:\/\/poligonostudio.com\/wp-content\/uploads\/2025\/12\/IMG_2122-300x198.webp 300w, https:\/\/poligonostudio.com\/wp-content\/uploads\/2025\/12\/IMG_2122-768x507.webp 768w, https:\/\/poligonostudio.com\/wp-content\/uploads\/2025\/12\/IMG_2122-1536x1014.webp 1536w, https:\/\/poligonostudio.com\/wp-content\/uploads\/2025\/12\/IMG_2122.webp 1920w, https:\/\/poligonostudio.com\/wp-content\/uploads\/2025\/12\/IMG_2122-600x396.jpg 600w\" sizes=\"(max-width: 1024px) 100vw, 1024px\" \/>\t\t\t\t\t\t\t\t\t\t\t\t\t\t\t<\/div>\n\t\t\t\t<\/div>\n\t\t\t\t\t<\/div>\n\t\t\t\t<\/div>\n\t\t<div class=\"elementor-element elementor-element-9f240d3 e-flex e-con-boxed e-con e-parent\" data-id=\"9f240d3\" data-element_type=\"container\" data-settings=\"{&quot;background_background&quot;:&quot;classic&quot;}\">\n\t\t\t\t\t<div class=\"e-con-inner\">\n\t\t<div class=\"elementor-element elementor-element-f81056f e-con-full e-flex e-con e-child\" data-id=\"f81056f\" data-element_type=\"container\">\n\t\t\t\t<div class=\"elementor-element elementor-element-147258e elementor-widget elementor-widget-image\" data-id=\"147258e\" data-element_type=\"widget\" data-widget_type=\"image.default\">\n\t\t\t\t\t\t\t\t\t\t\t\t\t\t\t<img decoding=\"async\" width=\"1440\" height=\"1920\" src=\"https:\/\/poligonostudio.com\/wp-content\/uploads\/2025\/12\/Daniel-Dominguez-AES-2025-2-scaled.webp\" class=\"attachment-full size-full wp-image-1411\" alt=\"\" srcset=\"https:\/\/poligonostudio.com\/wp-content\/uploads\/2025\/12\/Daniel-Dominguez-AES-2025-2-scaled.webp 1440w, https:\/\/poligonostudio.com\/wp-content\/uploads\/2025\/12\/Daniel-Dominguez-AES-2025-2-225x300.webp 225w, https:\/\/poligonostudio.com\/wp-content\/uploads\/2025\/12\/Daniel-Dominguez-AES-2025-2-768x1024.jpg 768w, https:\/\/poligonostudio.com\/wp-content\/uploads\/2025\/12\/Daniel-Dominguez-AES-2025-2-1152x1536.jpg 1152w, https:\/\/poligonostudio.com\/wp-content\/uploads\/2025\/12\/Daniel-Dominguez-AES-2025-2-1536x2048.jpg 1536w, https:\/\/poligonostudio.com\/wp-content\/uploads\/2025\/12\/Daniel-Dominguez-AES-2025-2-600x800.jpg 600w\" sizes=\"(max-width: 1440px) 100vw, 1440px\" \/>\t\t\t\t\t\t\t\t\t\t\t\t\t\t\t<\/div>\n\t\t\t\t<\/div>\n\t\t<div class=\"elementor-element elementor-element-65fb0b1 e-con-full e-flex e-con e-child\" data-id=\"65fb0b1\" data-element_type=\"container\">\n\t\t\t\t<div class=\"elementor-element elementor-element-82b603e elementor-widget elementor-widget-icon-box\" data-id=\"82b603e\" data-element_type=\"widget\" data-widget_type=\"icon-box.default\">\n\t\t\t\t\t\t\t<div class=\"elementor-icon-box-wrapper\">\n\n\t\t\t\n\t\t\t\t\t\t<div class=\"elementor-icon-box-content\">\n\n\t\t\t\t\t\t\t\t\t<h4 class=\"elementor-icon-box-title\">\n\t\t\t\t\t\t<span  >\n\t\t\t\t\t\t\tDaniel dom\u00ednguez<br>(director \/ lead engineer)\n\t\t\t\t\t\t<\/span>\n\t\t\t\t\t<\/h4>\n\t\t\t\t\n\t\t\t\t\t\t\t\t\t<p class=\"elementor-icon-box-description\">\n\t\t\t\t\t\tSound and Acoustics Engineer with over 10 years of experience in production, mixing, and sound design for film and digital media (Netflix, HBO Max, Spotify, Theatrical). University professor with a master's degree in Artificial Intelligence and Digital Education. Expert in digital audio workstations (DAWs), sound storytelling, audio post-production, and emerging AI technologies applied to professional sound. \t\t\t\t\t<\/p>\n\t\t\t\t\n\t\t\t<\/div>\n\t\t\t\n\t\t<\/div>\n\t\t\t\t\t\t<\/div>\n\t\t\t\t<div class=\"elementor-element elementor-element-f167bc2 elementor-widget elementor-widget-text-editor\" data-id=\"f167bc2\" data-element_type=\"widget\" data-widget_type=\"text-editor.default\">\n\t\t\t\t\t\t\t\t\t<p>\"Since 2021, Pol\u00edgono Studio has operated as a sound innovation center. Our goal is twofold: to offer world-class sound engineering from Ecuador to the world, and to serve as <b>a technical knowledge platform<\/b>. We don't just design sound; we build industry through education and technology.<\/p>\t\t\t\t\t\t\t\t<\/div>\n\t\t\t\t<\/div>\n\t\t\t\t\t<\/div>\n\t\t\t\t<\/div>\n\t\t<div class=\"elementor-element elementor-element-1065733 e-flex e-con-boxed e-con e-parent\" data-id=\"1065733\" data-element_type=\"container\" data-settings=\"{&quot;background_background&quot;:&quot;classic&quot;}\">\n\t\t\t\t\t<div class=\"e-con-inner\">\n\t\t<div class=\"elementor-element elementor-element-db36084 e-con-full e-flex e-con e-child\" data-id=\"db36084\" data-element_type=\"container\">\n\t\t\t\t<div class=\"elementor-element elementor-element-fad718d elementor-widget elementor-widget-icon-box\" data-id=\"fad718d\" data-element_type=\"widget\" data-widget_type=\"icon-box.default\">\n\t\t\t\t\t\t\t<div class=\"elementor-icon-box-wrapper\">\n\n\t\t\t\n\t\t\t\t\t\t<div class=\"elementor-icon-box-content\">\n\n\t\t\t\t\t\t\t\t\t<h4 class=\"elementor-icon-box-title\">\n\t\t\t\t\t\t<span  >\n\t\t\t\t\t\t\tlilian cajas<br>(sound designer \/ Coordination &amp; Booking)\n\t\t\t\t\t\t<\/span>\n\t\t\t\t\t<\/h4>\n\t\t\t\t\n\t\t\t\t\t\t\t\t\t<p class=\"elementor-icon-box-description\">\n\t\t\t\t\t\tSound and Acoustics Engineer, responsible for ensuring every session runs smoothly. She manages studio logistics and client communication so artists can focus solely on creating. Lily has over 5 years of experience in sound design and post-production for films, short films, advertising, and web content. \t\t\t\t\t<\/p>\n\t\t\t\t\n\t\t\t<\/div>\n\t\t\t\n\t\t<\/div>\n\t\t\t\t\t\t<\/div>\n\t\t\t\t<\/div>\n\t\t<div class=\"elementor-element elementor-element-d074319 e-con-full e-flex e-con e-child\" data-id=\"d074319\" data-element_type=\"container\">\n\t\t\t\t<div class=\"elementor-element elementor-element-052e5a2 elementor-widget elementor-widget-image\" data-id=\"052e5a2\" data-element_type=\"widget\" data-widget_type=\"image.default\">\n\t\t\t\t\t\t\t\t\t\t\t\t\t\t\t<img decoding=\"async\" width=\"768\" height=\"1024\" src=\"https:\/\/poligonostudio.com\/wp-content\/uploads\/2025\/12\/Lily-vertical-768x1024.png\" class=\"attachment-large size-large wp-image-1758\" alt=\"\" srcset=\"https:\/\/poligonostudio.com\/wp-content\/uploads\/2025\/12\/Lily-vertical-768x1024.png 768w, https:\/\/poligonostudio.com\/wp-content\/uploads\/2025\/12\/Lily-vertical-225x300.png 225w, https:\/\/poligonostudio.com\/wp-content\/uploads\/2025\/12\/Lily-vertical-1152x1536.png 1152w, https:\/\/poligonostudio.com\/wp-content\/uploads\/2025\/12\/Lily-vertical-1536x2048.png 1536w, https:\/\/poligonostudio.com\/wp-content\/uploads\/2025\/12\/Lily-vertical-600x800.png 600w, https:\/\/poligonostudio.com\/wp-content\/uploads\/2025\/12\/Lily-vertical-scaled.png 1920w\" sizes=\"(max-width: 768px) 100vw, 768px\" \/>\t\t\t\t\t\t\t\t\t\t\t\t\t\t\t<\/div>\n\t\t\t\t<\/div>\n\t\t\t\t\t<\/div>\n\t\t\t\t<\/div>\n\t\t<div class=\"elementor-element elementor-element-d104423 e-flex e-con-boxed e-con e-parent\" data-id=\"d104423\" data-element_type=\"container\" data-settings=\"{&quot;background_background&quot;:&quot;classic&quot;}\">\n\t\t\t\t\t<div class=\"e-con-inner\">\n\t\t<div class=\"elementor-element elementor-element-62348cb e-con-full e-flex e-con e-child\" data-id=\"62348cb\" data-element_type=\"container\">\n\t\t\t\t<div class=\"elementor-element elementor-element-248af66 elementor-widget elementor-widget-image\" data-id=\"248af66\" data-element_type=\"widget\" data-widget_type=\"image.default\">\n\t\t\t\t\t\t\t\t\t\t\t\t\t\t\t<img loading=\"lazy\" decoding=\"async\" width=\"683\" height=\"1024\" src=\"https:\/\/poligonostudio.com\/wp-content\/uploads\/2025\/12\/IMG_2124-683x1024.webp\" class=\"attachment-large size-large wp-image-1388\" alt=\"\" srcset=\"https:\/\/poligonostudio.com\/wp-content\/uploads\/2025\/12\/IMG_2124-683x1024.webp 683w, https:\/\/poligonostudio.com\/wp-content\/uploads\/2025\/12\/IMG_2124-200x300.webp 200w, https:\/\/poligonostudio.com\/wp-content\/uploads\/2025\/12\/IMG_2124-768x1152.webp 768w, https:\/\/poligonostudio.com\/wp-content\/uploads\/2025\/12\/IMG_2124-1024x1536.webp 1024w, https:\/\/poligonostudio.com\/wp-content\/uploads\/2025\/12\/IMG_2124-scaled.webp 1280w, https:\/\/poligonostudio.com\/wp-content\/uploads\/2025\/12\/IMG_2124-600x900.webp 600w\" sizes=\"(max-width: 683px) 100vw, 683px\" \/>\t\t\t\t\t\t\t\t\t\t\t\t\t\t\t<\/div>\n\t\t\t\t<\/div>\n\t\t<div class=\"elementor-element elementor-element-d3236d6 e-con-full e-flex e-con e-child\" data-id=\"d3236d6\" data-element_type=\"container\">\n\t\t\t\t<div class=\"elementor-element elementor-element-f7fc62f elementor-widget elementor-widget-icon-box\" data-id=\"f7fc62f\" data-element_type=\"widget\" data-widget_type=\"icon-box.default\">\n\t\t\t\t\t\t\t<div class=\"elementor-icon-box-wrapper\">\n\n\t\t\t\n\t\t\t\t\t\t<div class=\"elementor-icon-box-content\">\n\n\t\t\t\t\t\t\t\t\t<h4 class=\"elementor-icon-box-title\">\n\t\t\t\t\t\t<span  >\n\t\t\t\t\t\t\tEQUIPMENT &amp; SOFTWARE\t\t\t\t\t\t<\/span>\n\t\t\t\t\t<\/h4>\n\t\t\t\t\n\t\t\t\t\t\t\t\t\t<p class=\"elementor-icon-box-description\">\n\t\t\t\t\t\t<p data-path-to-node=\"5,0\">\"Our workflow is hybrid, prioritizing digital accuracy and the integration of Artificial Intelligence tools.\"<\/p><p data-path-to-node=\"5,1\">\n<b>ACOUSTIC INSTALLATIONS<\/b> Dual-room infrastructure: Critical listening control room and separate live room. Both spaces feature professional soundproofing and acoustic treatment to ensure clean recordings and reliable mixes. <\/p><p data-path-to-node=\"5,3\">\n<b>PRECISION MONITORING<\/b>\nCritical reference system <b>Focal <\/b> to ensure the faithful translation of your sound on any device.<\/p><p data-path-to-node=\"5,2\"><b>WORKSTATION &amp; SOFTWARE<\/b>\nOptimized environment with <b>Pro Tools<\/b> &amp; <b>Reaper<\/b>. Advanced processing suite including <b>iZotope RX, AI tools<\/b> (Local &amp; Web), Bundles: FabFilter, Waves, SSL, Plugin Alliance, Arturia, Native Instruments, Mc DSP, Universal Audio.<\/p><p data-path-to-node=\"5,3\"><b>RECORDING CHAIN<\/b>\n<\/p><span style=\"font-style: inherit;font-weight: inherit\">Crystal clear capture via Antelope high-resolution interface and converters. Multipurpose microphones for vocals, instrumentation, SFX and foley.<\/span>\t\t\t\t\t<\/p>\n\t\t\t\t\n\t\t\t<\/div>\n\t\t\t\n\t\t<\/div>\n\t\t\t\t\t\t<\/div>\n\t\t\t\t<\/div>\n\t\t\t\t\t<\/div>\n\t\t\t\t<\/div>\n\t\t<div class=\"elementor-element elementor-element-bcf0e96 e-flex e-con-boxed e-con e-parent\" data-id=\"bcf0e96\" data-element_type=\"container\">\n\t\t\t\t\t<div class=\"e-con-inner\">\n\t\t\t\t<div class=\"elementor-element elementor-element-a3850af elementor-widget elementor-widget-heading\" data-id=\"a3850af\" data-element_type=\"widget\" data-widget_type=\"heading.default\">\n\t\t\t\t\t<h2 class=\"elementor-heading-title elementor-size-default\">Let's get your sound to a professional level<\/h2>\t\t\t\t<\/div>\n\t\t\t\t<div class=\"elementor-element elementor-element-982de46 elementor-widget elementor-widget-text-editor\" data-id=\"982de46\" data-element_type=\"widget\" data-widget_type=\"text-editor.default\">\n\t\t\t\t\t\t\t\t\t<p>From idea to immersive experience. Let's start designing your sound.<\/p>\t\t\t\t\t\t\t\t<\/div>\n\t\t\t\t<div class=\"elementor-element elementor-element-e204095 elementor-align-center elementor-widget elementor-widget-button\" data-id=\"e204095\" data-element_type=\"widget\" data-widget_type=\"button.default\">\n\t\t\t\t\t\t\t\t\t\t<a class=\"elementor-button elementor-button-link elementor-size-sm\" href=\"https:\/\/poligonostudio.com\/en\/contacto\/\">\n\t\t\t\t\t\t<span class=\"elementor-button-content-wrapper\">\n\t\t\t\t\t\t\t\t\t<span class=\"elementor-button-text\">let's talk<\/span>\n\t\t\t\t\t<\/span>\n\t\t\t\t\t<\/a>\n\t\t\t\t\t\t\t\t<\/div>\n\t\t\t\t\t<\/div>\n\t\t\t\t<\/div>\n\t\t\t\t<\/div>","protected":false},"excerpt":{"rendered":"<p>INGENIER\u00cdA CON PROP\u00d3SITO Exploramos, creamos y moldeamos sonido para potenciar tu historia. adn pol\u00edgono En Pol\u00edgono Studio entendemos el sonido como una herramienta de inmersi\u00f3n narrativa. No solo trabajamos audio; dise\u00f1amos experiencias. Combinamos la calidez de herramientas anal\u00f3gicas con la precisi\u00f3n del mundo digital y nuevas tecnolog\u00edas impulsadas por Inteligencia Artificial para ofrecer flujos de [&hellip;]<\/p>\n","protected":false},"author":1,"featured_media":0,"parent":0,"menu_order":0,"comment_status":"closed","ping_status":"closed","template":"","meta":{"site-sidebar-layout":"no-sidebar","site-content-layout":"page-builder","ast-site-content-layout":"full-width-container","site-content-style":"unboxed","site-sidebar-style":"unboxed","ast-global-header-display":"","ast-banner-title-visibility":"","ast-main-header-display":"","ast-hfb-above-header-display":"","ast-hfb-below-header-display":"","ast-hfb-mobile-header-display":"","site-post-title":"disabled","ast-breadcrumbs-content":"disabled","ast-featured-img":"disabled","footer-sml-layout":"","theme-transparent-header-meta":"enabled","adv-header-id-meta":"","stick-header-meta":"","header-above-stick-meta":"","header-main-stick-meta":"","header-below-stick-meta":"","astra-migrate-meta-layouts":"set","ast-page-background-enabled":"default","ast-page-background-meta":{"desktop":{"background-color":"","background-image":"","background-repeat":"repeat","background-position":"center center","background-size":"auto","background-attachment":"scroll","background-type":"","background-media":"","overlay-type":"","overlay-color":"","overlay-opacity":"","overlay-gradient":""},"tablet":{"background-color":"","background-image":"","background-repeat":"repeat","background-position":"center center","background-size":"auto","background-attachment":"scroll","background-type":"","background-media":"","overlay-type":"","overlay-color":"","overlay-opacity":"","overlay-gradient":""},"mobile":{"background-color":"","background-image":"","background-repeat":"repeat","background-position":"center center","background-size":"auto","background-attachment":"scroll","background-type":"","background-media":"","overlay-type":"","overlay-color":"","overlay-opacity":"","overlay-gradient":""}},"ast-content-background-meta":{"desktop":{"background-color":"var(--ast-global-color-5)","background-image":"","background-repeat":"repeat","background-position":"center center","background-size":"auto","background-attachment":"scroll","background-type":"","background-media":"","overlay-type":"","overlay-color":"","overlay-opacity":"","overlay-gradient":""},"tablet":{"background-color":"var(--ast-global-color-5)","background-image":"","background-repeat":"repeat","background-position":"center center","background-size":"auto","background-attachment":"scroll","background-type":"","background-media":"","overlay-type":"","overlay-color":"","overlay-opacity":"","overlay-gradient":""},"mobile":{"background-color":"var(--ast-global-color-5)","background-image":"","background-repeat":"repeat","background-position":"center center","background-size":"auto","background-attachment":"scroll","background-type":"","background-media":"","overlay-type":"","overlay-color":"","overlay-opacity":"","overlay-gradient":""}},"footnotes":""},"class_list":["post-29","page","type-page","status-publish","hentry"],"_hostinger_reach_plugin_has_subscription_block":false,"_hostinger_reach_plugin_is_elementor":false,"_links":{"self":[{"href":"https:\/\/poligonostudio.com\/en\/wp-json\/wp\/v2\/pages\/29","targetHints":{"allow":["GET"]}}],"collection":[{"href":"https:\/\/poligonostudio.com\/en\/wp-json\/wp\/v2\/pages"}],"about":[{"href":"https:\/\/poligonostudio.com\/en\/wp-json\/wp\/v2\/types\/page"}],"author":[{"embeddable":true,"href":"https:\/\/poligonostudio.com\/en\/wp-json\/wp\/v2\/users\/1"}],"replies":[{"embeddable":true,"href":"https:\/\/poligonostudio.com\/en\/wp-json\/wp\/v2\/comments?post=29"}],"version-history":[{"count":167,"href":"https:\/\/poligonostudio.com\/en\/wp-json\/wp\/v2\/pages\/29\/revisions"}],"predecessor-version":[{"id":2561,"href":"https:\/\/poligonostudio.com\/en\/wp-json\/wp\/v2\/pages\/29\/revisions\/2561"}],"wp:attachment":[{"href":"https:\/\/poligonostudio.com\/en\/wp-json\/wp\/v2\/media?parent=29"}],"curies":[{"name":"wp","href":"https:\/\/api.w.org\/{rel}","templated":true}]}}